{"id":230,"date":"2020-12-06T13:56:29","date_gmt":"2020-12-06T13:56:29","guid":{"rendered":"http:\/\/www.3wm.technicalhutch.com\/?page_id=230"},"modified":"2021-07-21T12:51:15","modified_gmt":"2021-07-21T12:51:15","slug":"airstar-2","status":"publish","type":"page","link":"https:\/\/3wmcomms.com\/fr\/airstar-2\/","title":{"rendered":"Airstar"},"content":{"rendered":"<p>[et_pb_section fb_built=&#8221;1&#8243; fullwidth=&#8221;on&#8221; _builder_version=&#8221;4.6.5&#8243; _module_preset=&#8221;default&#8221; background_enable_image=&#8221;off&#8221; background_size=&#8221;initial&#8221; da_disable_devices=&#8221;off|off|off&#8221; da_is_popup=&#8221;off&#8221; da_exit_intent=&#8221;off&#8221; da_has_close=&#8221;on&#8221; da_alt_close=&#8221;off&#8221; da_dark_close=&#8221;off&#8221; da_not_modal=&#8221;on&#8221; da_is_singular=&#8221;off&#8221; da_with_loader=&#8221;off&#8221; da_has_shadow=&#8221;on&#8221;][et_pb_fullwidth_header title=&#8221;Airstar&#8221; _builder_version=&#8221;4.6.5&#8243; _module_preset=&#8221;default&#8221; title_font=&#8221;Abel|700|||||||&#8221; title_text_align=&#8221;left&#8221; title_text_color=&#8221;#ffffff&#8221; content_font=&#8221;ABeeZee||||||||&#8221; content_text_align=&#8221;left&#8221; content_text_color=&#8221;#ffffff&#8221; content_font_size=&#8221;16px&#8221; background_color=&#8221;#000000&#8243; custom_margin=&#8221;-1px||12px|||&#8221; custom_padding=&#8221;37px||28px|||&#8221;]<\/p>\n<p style=\"text-align: left;\">World leader in lighting balloons and aerostatic manufacturer<\/p>\n<p>[\/et_pb_fullwidth_header][et_pb_fullwidth_image _builder_version=&#8221;4.6.5&#8243; _module_preset=&#8221;default&#8221; custom_margin=&#8221;-9px|||||&#8221;][\/et_pb_fullwidth_image][\/et_pb_section][et_pb_section fb_built=&#8221;1&#8243; _builder_version=&#8221;4.6.5&#8243; _module_preset=&#8221;default&#8221; custom_margin=&#8221;1px|||||&#8221; custom_padding=&#8221;14px||42px|||&#8221; da_disable_devices=&#8221;off|off|off&#8221; da_is_popup=&#8221;off&#8221; da_exit_intent=&#8221;off&#8221; da_has_close=&#8221;on&#8221; da_alt_close=&#8221;off&#8221; da_dark_close=&#8221;off&#8221; da_not_modal=&#8221;on&#8221; da_is_singular=&#8221;off&#8221; da_with_loader=&#8221;off&#8221; da_has_shadow=&#8221;on&#8221;][et_pb_row column_structure=&#8221;1_2,1_2&#8243; _builder_version=&#8221;4.6.5&#8243; _module_preset=&#8221;default&#8221;][et_pb_column type=&#8221;1_2&#8243; _builder_version=&#8221;4.6.5&#8243; _module_preset=&#8221;default&#8221;][et_pb_image src=&#8221;https:\/\/3wmcomms.com\/wp-content\/uploads\/2020\/12\/Airstar-petit-scaled.jpg&#8221; title_text=&#8221;Airstar-petit&#8221; _builder_version=&#8221;4.6.5&#8243; _module_preset=&#8221;default&#8221; module_alignment=&#8221;right&#8221;][\/et_pb_image][\/et_pb_column][et_pb_column type=&#8221;1_2&#8243; _builder_version=&#8221;4.6.5&#8243; _module_preset=&#8221;default&#8221;][et_pb_text _builder_version=&#8221;4.6.5&#8243; _module_preset=&#8221;default&#8221; text_font=&#8221;ABeeZee||||||||&#8221; text_font_size=&#8221;17px&#8221;]<\/p>\n<p><a href=\"http:\/\/www.airstar-light.com\/corporate\/index.php\/fr\/\" target=\"_blank\" rel=\"noopener noreferrer\"><span>Airstar<\/span><\/a><span><a href=\"http:\/\/www.airstar-light.com\/corporate\/index.php\/fr\/\" target=\"_blank\" rel=\"noopener noreferrer\"><span>\u00a0<\/span><\/a>is the world leader in lighting balloons and aerostatic manufacturer.<span>\u00a0<\/span>Its advanced lighting solutions are used by event agencies, the film industry, as well as rescue specialists and manufacturers operating outdoors.<\/span><\/p>\n<p><span>The company is present in 40 countries through 12 subsidiaries and a network of independent distributors.<span>\u00a0<\/span>Following the takeover in July 2015 of the Space activity of Z Marine by the aeronautical entity of Airstar (Airstar Aerospace), the manufacturer strengthened its expertise in the field of aeronautics, stratospheric balloons and textile solutions and movies.<\/span><\/p>\n<p>[\/et_pb_text][\/et_pb_column][\/et_pb_row][et_pb_row column_structure=&#8221;1_3,1_3,1_3&#8243; _builder_version=&#8221;4.6.5&#8243; _module_preset=&#8221;default&#8221;][et_pb_column type=&#8221;1_3&#8243; _builder_version=&#8221;4.6.5&#8243; _module_preset=&#8221;default&#8221;][et_pb_text _builder_version=&#8221;4.6.5&#8243; _module_preset=&#8221;default&#8221; text_font=&#8221;ABeeZee||||||||&#8221; text_font_size=&#8221;17px&#8221;]<\/p>\n<h2><strong><span>The Brief<\/span><\/strong><\/h2>\n<p><span>2014 is a pivotal year for Airstar, which is celebrating 20 years of existence and has just completed a capital increase operation of \u20ac 1M.<span>\u00a0<\/span>The brand wanted to strengthen its visibility in the many media and vertical industries concerned (events, broadcast, cinema, architecture construction, security), and highlight the many examples of use of Airstar products.<\/span><\/p>\n<p>[\/et_pb_text][\/et_pb_column][et_pb_column type=&#8221;1_3&#8243; _builder_version=&#8221;4.6.5&#8243; _module_preset=&#8221;default&#8221;][et_pb_text _builder_version=&#8221;4.6.5&#8243; _module_preset=&#8221;default&#8221; text_font=&#8221;ABeeZee||||||||&#8221; text_font_size=&#8221;17px&#8221;]<\/p>\n<h2><strong><span>The Strategy<\/span><\/strong><\/h2>\n<p><span>3WM has implemented a media strategy on two main axes: institutional and operational: 3WM communicates on the one hand on the capital increase, the 20 years of Airstar, the launches of new products and the presence at international trade fairs, and at the same time develops customer case studies highlighting the use of Airstar technologies and solutions for the various industries concerned.<\/span><\/p>\n<p>[\/et_pb_text][\/et_pb_column][et_pb_column type=&#8221;1_3&#8243; _builder_version=&#8221;4.6.5&#8243; _module_preset=&#8221;default&#8221;][et_pb_text _builder_version=&#8221;4.6.5&#8243; _module_preset=&#8221;default&#8221; text_font=&#8221;ABeeZee||||||||&#8221; text_font_size=&#8221;17px&#8221; hover_enabled=&#8221;0&#8243; sticky_enabled=&#8221;0&#8243;]<\/p>\n<div class=\"vc_text_separator wpb_content_element separator_align_center\">\n<h2 style=\"text-align: left;\"><strong>The Results<\/strong><\/h2>\n<\/div>\n<div class=\"wpb_text_column wpb_content_element \">\n<div class=\"wpb_wrapper\">\n<p style=\"text-align: left;\"><span>Work in progress !<span>\u00a0<\/span>Only two weeks after the distribution of the press release relating to the capital increase, Airstar had already obtained more than thirty articles online, a first cover in the economic supplement of Dauphin\u00e9 Lib\u00e9r\u00e9 (circulation 250,000) and replied to two interview requests for economic and event magazines.<\/span><\/p>\n<\/div>\n<\/div>\n<p>[\/et_pb_text][\/et_pb_column][\/et_pb_row][et_pb_row _builder_version=&#8221;4.6.5&#8243; _module_preset=&#8221;default&#8221; custom_padding=&#8221;1px|||||&#8221;][et_pb_column type=&#8221;4_4&#8243; _builder_version=&#8221;4.6.5&#8243; _module_preset=&#8221;default&#8221;][et_pb_image src=&#8221;https:\/\/3wmcomms.com\/wp-content\/uploads\/2020\/12\/Airstar-fond2.jpg&#8221; title_text=&#8221;Airstar-fond2&#8243; align=&#8221;center&#8221; _builder_version=&#8221;4.6.5&#8243; _module_preset=&#8221;default&#8221;][\/et_pb_image][\/et_pb_column][\/et_pb_row][\/et_pb_section]<\/p>\n","protected":false},"excerpt":{"rendered":"<p>[et_pb_section fb_built=&#8221;1&#8243; fullwidth=&#8221;on&#8221; _builder_version=&#8221;4.6.5&#8243; _module_preset=&#8221;default&#8221; background_enable_image=&#8221;off&#8221; background_size=&#8221;initial&#8221; da_disable_devices=&#8221;off|off|off&#8221; da_is_popup=&#8221;off&#8221; da_exit_intent=&#8221;off&#8221; da_has_close=&#8221;on&#8221; da_alt_close=&#8221;off&#8221; da_dark_close=&#8221;off&#8221; da_not_modal=&#8221;on&#8221; da_is_singular=&#8221;off&#8221; da_with_loader=&#8221;off&#8221; da_has_shadow=&#8221;on&#8221;][et_pb_fullwidth_header title=&#8221;Airstar&#8221; _builder_version=&#8221;4.6.5&#8243; _module_preset=&#8221;default&#8221; title_font=&#8221;Abel|700|||||||&#8221; title_text_align=&#8221;left&#8221; title_text_color=&#8221;#ffffff&#8221; content_font=&#8221;ABeeZee||||||||&#8221; content_text_align=&#8221;left&#8221; content_text_color=&#8221;#ffffff&#8221; content_font_size=&#8221;16px&#8221; background_color=&#8221;#000000&#8243; custom_margin=&#8221;-1px||12px|||&#8221; custom_padding=&#8221;37px||28px|||&#8221;] World leader in lighting balloons and aerostatic manufacturer [\/et_pb_fullwidth_header][et_pb_fullwidth_image _builder_version=&#8221;4.6.5&#8243; _module_preset=&#8221;default&#8221; custom_margin=&#8221;-9px|||||&#8221;][\/et_pb_fullwidth_image][\/et_pb_section][et_pb_section fb_built=&#8221;1&#8243; _builder_version=&#8221;4.6.5&#8243; _module_preset=&#8221;default&#8221; custom_margin=&#8221;1px|||||&#8221; custom_padding=&#8221;14px||42px|||&#8221; da_disable_devices=&#8221;off|off|off&#8221; da_is_popup=&#8221;off&#8221; da_exit_intent=&#8221;off&#8221; da_has_close=&#8221;on&#8221; da_alt_close=&#8221;off&#8221; da_dark_close=&#8221;off&#8221; da_not_modal=&#8221;on&#8221; da_is_singular=&#8221;off&#8221; [&hellip;]<\/p>\n","protected":false},"author":1,"featured_media":0,"parent":0,"menu_order":0,"comment_status":"closed","ping_status":"closed","template":"","meta":{"_et_pb_use_builder":"on","_et_pb_old_content":"","_et_gb_content_width":"","footnotes":""},"class_list":["post-230","page","type-page","status-publish","hentry"],"jetpack_sharing_enabled":true,"_links":{"self":[{"href":"https:\/\/3wmcomms.com\/fr\/wp-json\/wp\/v2\/pages\/230","targetHints":{"allow":["GET"]}}],"collection":[{"href":"https:\/\/3wmcomms.com\/fr\/wp-json\/wp\/v2\/pages"}],"about":[{"href":"https:\/\/3wmcomms.com\/fr\/wp-json\/wp\/v2\/types\/page"}],"author":[{"embeddable":true,"href":"https:\/\/3wmcomms.com\/fr\/wp-json\/wp\/v2\/users\/1"}],"replies":[{"embeddable":true,"href":"https:\/\/3wmcomms.com\/fr\/wp-json\/wp\/v2\/comments?post=230"}],"version-history":[{"count":9,"href":"https:\/\/3wmcomms.com\/fr\/wp-json\/wp\/v2\/pages\/230\/revisions"}],"predecessor-version":[{"id":1137,"href":"https:\/\/3wmcomms.com\/fr\/wp-json\/wp\/v2\/pages\/230\/revisions\/1137"}],"wp:attachment":[{"href":"https:\/\/3wmcomms.com\/fr\/wp-json\/wp\/v2\/media?parent=230"}],"curies":[{"name":"wp","href":"https:\/\/api.w.org\/{rel}","templated":true}]}}